{"id":836,"date":"2023-05-04T13:09:48","date_gmt":"2023-05-04T11:09:48","guid":{"rendered":"https:\/\/beta.eus\/hasiera\/"},"modified":"2023-07-13T11:54:33","modified_gmt":"2023-07-13T09:54:33","slug":"hasiera","status":"publish","type":"page","link":"https:\/\/beta.eus\/es\/","title":{"rendered":"Inicio"},"content":{"rendered":"\t\t<div data-elementor-type=\"wp-page\" data-elementor-id=\"836\" class=\"elementor elementor-836 elementor-36\">\n\t\t\t\t\t\t\t\t\t<section class=\"elementor-section elementor-top-section elementor-element elementor-element-ddb8da6 elementor-section-height-full elementor-section-boxed elementor-section-height-default elementor-section-items-middle\" data-id=\"ddb8da6\" data-element_type=\"section\" data-settings=\"{&quot;background_background&quot;:&quot;classic&quot;,&quot;sticky&quot;:&quot;top&quot;,&quot;sticky_on&quot;:[&quot;desktop&quot;,&quot;laptop&quot;,&quot;tablet&quot;,&quot;mobile&quot;],&quot;sticky_offset&quot;:0,&quot;sticky_effects_offset&quot;:0}\">\n\t\t\t\t\t\t\t<div class=\"elementor-background-overlay\"><\/div>\n\t\t\t\t\t\t\t<div class=\"elementor-container elementor-column-gap-wider\">\n\t\t\t\t\t<div class=\"elementor-column elementor-col-100 elementor-top-column elementor-element elementor-element-daaaa23\" data-id=\"daaaa23\" data-element_type=\"column\">\n\t\t\t<div class=\"elementor-widget-wrap elementor-element-populated\">\n\t\t\t\t\t\t\t\t<div class=\"elementor-element elementor-element-aa70608 elementor-widget elementor-widget-ucaddon_marquee\" data-id=\"aa70608\" data-element_type=\"widget\" data-widget_type=\"ucaddon_marquee.default\">\n\t\t\t\t<div class=\"elementor-widget-container\">\n\t\t\t<!-- start Text Marquee Effect -->\n\t\t\t<style type=\"text\/css\">\/* widget: Text Marquee Effect *\/\n\n#uc_marquee_elementor_aa70608  {\n    white-space: nowrap;\n    overflow: hidden;\n    box-sizing: border-box;\n    margin:0 auto;\n}\n\n#uc_marquee_elementor_aa70608 div.marquee_text {\n    display: inline-block;\n  \n    \n\tpadding-left: 100%;\n    animation: marquee 10s linear infinite;  \n\t\n\n \t\n    \n\n    \n}\n@keyframes marquee {\n    0%   { transform: translate(0, 0); }\n    100% { transform: translate(-100%, 0); }\n}\n\n@keyframes marquee_flip {\n  \t0% { transform: translate(-100%, 0); }\n    100%   { transform: translate(0, 0); }\n    \n}\n\n#uc_marquee_elementor_aa70608 a\n{\n  text-decoration:none;\n}\n\n<\/style>\n\n\t\t\t<div class=\"ue_marquee\" id=\"uc_marquee_elementor_aa70608\">\n<div class=\"marquee_text\">\n  \t\n    Oportunidad - Experimentaci\u00f3n - Innovaci\u00f3n\n  \t\n<\/div>\n<\/div>\n\t\t\t<!-- end Text Marquee Effect -->\t\t<\/div>\n\t\t\t\t<\/div>\n\t\t\t\t<div class=\"elementor-element elementor-element-5e2d950 elementor-widget__width-initial elementor-widget-tablet__width-initial elementor-invisible elementor-widget elementor-widget-heading\" data-id=\"5e2d950\" data-element_type=\"widget\" data-settings=\"{&quot;_animation&quot;:&quot;fadeIn&quot;}\" data-widget_type=\"heading.default\">\n\t\t\t\t<div class=\"elementor-widget-container\">\n\t\t\t<style>\/*! elementor - v3.12.2 - 23-04-2023 *\/\n.elementor-heading-title{padding:0;margin:0;line-height:1}.elementor-widget-heading .elementor-heading-title[class*=elementor-size-]>a{color:inherit;font-size:inherit;line-height:inherit}.elementor-widget-heading .elementor-heading-title.elementor-size-small{font-size:15px}.elementor-widget-heading .elementor-heading-title.elementor-size-medium{font-size:19px}.elementor-widget-heading .elementor-heading-title.elementor-size-large{font-size:29px}.elementor-widget-heading .elementor-heading-title.elementor-size-xl{font-size:39px}.elementor-widget-heading .elementor-heading-title.elementor-size-xxl{font-size:59px}<\/style><h1 class=\"elementor-heading-title elementor-size-default\">Acompa\u00f1ando procesos de cambio<\/h1>\t\t<\/div>\n\t\t\t\t<\/div>\n\t\t\t\t\t<\/div>\n\t\t<\/div>\n\t\t\t\t\t\t\t<\/div>\n\t\t<\/section>\n\t\t\t\t<section class=\"elementor-section elementor-top-section elementor-element elementor-element-e6cdbcf elementor-section-height-min-height elementor-section-boxed elementor-section-height-default elementor-section-items-middle\" data-id=\"e6cdbcf\" data-element_type=\"section\" data-settings=\"{&quot;background_background&quot;:&quot;classic&quot;}\">\n\t\t\t\t\t\t\t<div class=\"elementor-background-overlay\"><\/div>\n\t\t\t\t\t\t\t<div class=\"elementor-container elementor-column-gap-wider\">\n\t\t\t\t\t<div class=\"elementor-column elementor-col-50 elementor-top-column elementor-element elementor-element-2b1fa77\" data-id=\"2b1fa77\" data-element_type=\"column\">\n\t\t\t<div class=\"elementor-widget-wrap elementor-element-populated\">\n\t\t\t\t\t\t\t\t<div class=\"elementor-element elementor-element-718ea00 elementor-widget elementor-widget-text-editor\" data-id=\"718ea00\" data-element_type=\"widget\" data-widget_type=\"text-editor.default\">\n\t\t\t\t<div class=\"elementor-widget-container\">\n\t\t\t<style>\/*! elementor - v3.12.2 - 23-04-2023 *\/\n.elementor-widget-text-editor.elementor-drop-cap-view-stacked .elementor-drop-cap{background-color:#69727d;color:#fff}.elementor-widget-text-editor.elementor-drop-cap-view-framed .elementor-drop-cap{color:#69727d;border:3px solid;background-color:transparent}.elementor-widget-text-editor:not(.elementor-drop-cap-view-default) .elementor-drop-cap{margin-top:8px}.elementor-widget-text-editor:not(.elementor-drop-cap-view-default) .elementor-drop-cap-letter{width:1em;height:1em}.elementor-widget-text-editor .elementor-drop-cap{float:left;text-align:center;line-height:1;font-size:50px}.elementor-widget-text-editor .elementor-drop-cap-letter{display:inline-block}<\/style>\t\t\t\t<p>En <strong>BETA<\/strong> trabajamos sobre las oportunidades de cambio. Representamos los procesos de transformaci\u00f3n como procesos centrados en las personas, orientados al cambio, en el que se enmarca la cooperaci\u00f3n, el aprendizaje y la experimentaci\u00f3n con la comunidad y la organizaci\u00f3n en la que se pretende promover la transformaci\u00f3n, tanto interna como externa.<\/p>\t\t\t\t\t\t<\/div>\n\t\t\t\t<\/div>\n\t\t\t\t\t<\/div>\n\t\t<\/div>\n\t\t\t\t<div class=\"elementor-column elementor-col-50 elementor-top-column elementor-element elementor-element-5fb7c46\" data-id=\"5fb7c46\" data-element_type=\"column\">\n\t\t\t<div class=\"elementor-widget-wrap elementor-element-populated\">\n\t\t\t\t\t\t\t\t<div class=\"elementor-element elementor-element-1f3c518 elementor-align-center elementor-widget elementor-widget-button\" data-id=\"1f3c518\" data-element_type=\"widget\" data-widget_type=\"button.default\">\n\t\t\t\t<div class=\"elementor-widget-container\">\n\t\t\t\t\t<div class=\"elementor-button-wrapper\">\n\t\t\t<a href=\"https:\/\/beta.eus\/es\/que-es-beta\/\" class=\"elementor-button-link elementor-button elementor-size-sm\" role=\"button\">\n\t\t\t\t\t\t<span class=\"elementor-button-content-wrapper\">\n\t\t\t\t\t\t\t<span class=\"elementor-button-icon elementor-align-icon-left\">\n\t\t\t\t<svg xmlns=\"http:\/\/www.w3.org\/2000\/svg\" xmlns:xlink=\"http:\/\/www.w3.org\/1999\/xlink\" id=\"Capa_1\" x=\"0px\" y=\"0px\" viewBox=\"0 0 614 710\" style=\"enable-background:new 0 0 614 710;\" xml:space=\"preserve\"><style type=\"text\/css\">\t.st0{fill:#FFFFFF;}<\/style><g>\t<path class=\"st0\" d=\"M72.71,143.88c181.51,0,361.72,0,541.47,0c0-49.46,0-96.85,0-143.88C433.03,0,253.23,0,72.71,0  C72.71,49.01,72.71,97.11,72.71,143.88z\"><\/path>\t<path d=\"M72.71,143.88c0-46.77,0-94.87,0-143.88c180.52,0,360.32,0,541.47,0c0,47.03,0,94.41,0,143.88  C434.42,143.88,254.22,143.88,72.71,143.88z\"><\/path>\t<path d=\"M495.17,246.94c-52.05,8.21-104.03,16.92-156.03,25.46c-46.69,7.67-93.71,13.76-139.95,23.55  c-47.72,10.11-93.11,28.09-130.3,60.71C12.99,405.71-7.78,467.97,2.54,541.76c10.57,75.68,56.04,121.97,123.72,148.6  c46.75,18.39,95.77,22.8,146.29,17.41c51.44-5.49,99.04-19.21,140.79-50.35c14.45-10.78,28.34-22.33,44.49-35.13  c0,25.08,0,47.84,0,70.68c53.2,0,104.95,0,157.11,0c0-154.56,0-307.98,0-463.82C573.91,235.21,534.49,240.74,495.17,246.94z   M385.62,543.12c-23.12,19.48-50.39,31.81-80.19,34.93c-23.34,2.44-47.92,3.46-70.64-1.24c-31.37-6.49-54.78-26.51-60.17-60.22  c-5.92-37.06,10.22-70.1,44.36-85.72c23.55-10.77,49.39-17.56,74.9-22.8c44.19-9.09,88.89-15.68,133.42-23.1  c6.28-1.05,12.75-0.91,19.3-1.34C452.39,446.51,435.38,501.21,385.62,543.12z\"><\/path><\/g><\/svg>\t\t\t<\/span>\n\t\t\t\t\t\t<span class=\"elementor-button-text\">Conoce  <strong>Beta<\/strong><\/span>\n\t\t<\/span>\n\t\t\t\t\t<\/a>\n\t\t<\/div>\n\t\t\t\t<\/div>\n\t\t\t\t<\/div>\n\t\t\t\t\t<\/div>\n\t\t<\/div>\n\t\t\t\t\t\t\t<\/div>\n\t\t<\/section>\n\t\t\t\t<section class=\"elementor-section elementor-top-section elementor-element elementor-element-7d0af59 elementor-section-boxed elementor-section-height-default elementor-section-height-default\" data-id=\"7d0af59\" data-element_type=\"section\" data-settings=\"{&quot;background_background&quot;:&quot;classic&quot;,&quot;sticky&quot;:&quot;top&quot;,&quot;sticky_on&quot;:[&quot;desktop&quot;,&quot;laptop&quot;,&quot;tablet&quot;,&quot;mobile&quot;],&quot;sticky_offset&quot;:0,&quot;sticky_effects_offset&quot;:0}\">\n\t\t\t\t\t\t<div class=\"elementor-container elementor-column-gap-wider\">\n\t\t\t\t\t<div class=\"elementor-column elementor-col-100 elementor-top-column elementor-element elementor-element-a90e37c\" data-id=\"a90e37c\" data-element_type=\"column\">\n\t\t\t<div class=\"elementor-widget-wrap elementor-element-populated\">\n\t\t\t\t\t\t\t\t<section class=\"elementor-section elementor-inner-section elementor-element elementor-element-ad9ba23 elementor-section-boxed elementor-section-height-default elementor-section-height-default\" data-id=\"ad9ba23\" data-element_type=\"section\">\n\t\t\t\t\t\t<div class=\"elementor-container elementor-column-gap-default\">\n\t\t\t\t\t<div class=\"elementor-column elementor-col-50 elementor-inner-column elementor-element elementor-element-9e9b9ca\" data-id=\"9e9b9ca\" data-element_type=\"column\">\n\t\t\t<div class=\"elementor-widget-wrap elementor-element-populated\">\n\t\t\t\t\t\t\t\t<div class=\"elementor-element elementor-element-b9e6ee5 elementor-widget elementor-widget-heading\" data-id=\"b9e6ee5\" data-element_type=\"widget\" data-widget_type=\"heading.default\">\n\t\t\t\t<div class=\"elementor-widget-container\">\n\t\t\t<h2 class=\"elementor-heading-title elementor-size-default\">Proyectos<\/h2>\t\t<\/div>\n\t\t\t\t<\/div>\n\t\t\t\t<div class=\"elementor-element elementor-element-3324cba elementor-widget elementor-widget-text-editor\" data-id=\"3324cba\" data-element_type=\"widget\" data-widget_type=\"text-editor.default\">\n\t\t\t\t<div class=\"elementor-widget-container\">\n\t\t\t\t\t\t\t<p>Curiosea los proyectos desarrollados.\u00a0 Conoce los principales aprendizajes de cada uno de ellos.<\/p>\t\t\t\t\t\t<\/div>\n\t\t\t\t<\/div>\n\t\t\t\t\t<\/div>\n\t\t<\/div>\n\t\t\t\t<div class=\"elementor-column elementor-col-50 elementor-inner-column elementor-element elementor-element-7d24082\" data-id=\"7d24082\" data-element_type=\"column\">\n\t\t\t<div class=\"elementor-widget-wrap\">\n\t\t\t\t\t\t\t\t\t<\/div>\n\t\t<\/div>\n\t\t\t\t\t\t\t<\/div>\n\t\t<\/section>\n\t\t\t\t<div class=\"elementor-element elementor-element-2b94d6c elementor-align-center elementor-widget elementor-widget-button\" data-id=\"2b94d6c\" data-element_type=\"widget\" data-widget_type=\"button.default\">\n\t\t\t\t<div class=\"elementor-widget-container\">\n\t\t\t\t\t<div class=\"elementor-button-wrapper\">\n\t\t\t<a href=\"https:\/\/beta.eus\/es\/proiektuak\/\" class=\"elementor-button-link elementor-button elementor-size-sm\" role=\"button\">\n\t\t\t\t\t\t<span class=\"elementor-button-content-wrapper\">\n\t\t\t\t\t\t<span class=\"elementor-button-text\">Ojea los proyectos<\/span>\n\t\t<\/span>\n\t\t\t\t\t<\/a>\n\t\t<\/div>\n\t\t\t\t<\/div>\n\t\t\t\t<\/div>\n\t\t\t\t\t<\/div>\n\t\t<\/div>\n\t\t\t\t\t\t\t<\/div>\n\t\t<\/section>\n\t\t\t\t<section class=\"elementor-section elementor-top-section elementor-element elementor-element-6f6599f elementor-section-boxed elementor-section-height-default elementor-section-height-default\" data-id=\"6f6599f\" data-element_type=\"section\" data-settings=\"{&quot;background_background&quot;:&quot;classic&quot;}\">\n\t\t\t\t\t\t<div class=\"elementor-container elementor-column-gap-wider\">\n\t\t\t\t\t<div class=\"elementor-column elementor-col-100 elementor-top-column elementor-element elementor-element-92417e8\" data-id=\"92417e8\" data-element_type=\"column\">\n\t\t\t<div class=\"elementor-widget-wrap elementor-element-populated\">\n\t\t\t\t\t\t\t\t<div class=\"elementor-element elementor-element-e1bf1db elementor-widget elementor-widget-heading\" data-id=\"e1bf1db\" data-element_type=\"widget\" data-widget_type=\"heading.default\">\n\t\t\t\t<div class=\"elementor-widget-container\">\n\t\t\t<h2 class=\"elementor-heading-title elementor-size-default\">Ultimas Mirada(s)<\/h2>\t\t<\/div>\n\t\t\t\t<\/div>\n\t\t\t\t<div class=\"elementor-element elementor-element-55a2004 uael-equal__height-yes elementor-widget elementor-widget-uael-posts\" data-id=\"55a2004\" data-element_type=\"widget\" data-settings=\"{&quot;classic_slides_to_show&quot;:3,&quot;classic_slides_to_show_tablet&quot;:2,&quot;classic_slides_to_show_mobile&quot;:1}\" lang=\"eu\" data-widget_type=\"uael-posts.classic\">\n\t\t\t\t<div class=\"elementor-widget-container\">\n\t\t\t\t\t<div class=\"uael-post__header\">\r\n\t\t\t\t\t<\/div>\r\n\t\t<div class=\"uael-post__body\">\r\n\t\t\t\r\n\t\t\r\n\t\t<div class=\"uael-blog-terms-position- uael-post-image-none uael-post-grid uael-posts\" data-query-type=\"custom\" data-structure=\"normal\" data-layout=\"\" data-page=\"836\" data-skin=\"classic\" data-filter-default=\"\" data-offset-top=\"30\" >\r\n\r\n\t\t\t\t\t\t\t<div class=\"uael-post-grid__inner uael-post__columns-3 uael-post__columns-tablet-2 uael-post__columns-mobile-1\">\r\n\t\t\t\r\n<div class=\"uael-post-wrapper   albisteak \">\r\n\t<div class=\"uael-post__bg-wrap\">\r\n\r\n\t\t\t\t\r\n\t\t<div class=\"uael-post__inner-wrap\">\r\n\r\n\t\t\r\n\t\t\t\r\n\t\t\t<div class=\"uael-post__content-wrap\">\r\n\t\t\t\t\t<h3 class=\"uael-post__title\">\r\n\r\n\t\t\r\n\t\t\t\t\t\t<a href=\"https:\/\/beta.eus\/es\/prozesuen-diseinu-emozionala-20250801\/\" target=\"_self\">\r\n\t\t\t\t(Prozesuen) Diseinu emozionala\t\t\t<\/a>\r\n\r\n\t\t\t\t<\/h3>\r\n\t\t\r\n\t\t<div class=\"uael-post__excerpt\">\r\n\t\t\t<p>Psikologian, kognizio eta jokabide terapiaren arabera, oinarrizkoa da estimulu jakin batek esperientzia mentala eragin, eta emozio batean amaitzen denaren ideia. &#8230;<\/p>\n\t\t<\/div>\r\n\r\n\t\t\t\t\t<\/div>\r\n\t\t\t\r\n\t\t<\/div>\r\n\t\t\r\n\t<\/div>\r\n\r\n<\/div>\r\n\r\n<div class=\"uael-post-wrapper   albisteak \">\r\n\t<div class=\"uael-post__bg-wrap\">\r\n\r\n\t\t\t\t\r\n\t\t<div class=\"uael-post__inner-wrap\">\r\n\r\n\t\t\r\n\t\t\t\r\n\t\t\t<div class=\"uael-post__content-wrap\">\r\n\t\t\t\t\t<h3 class=\"uael-post__title\">\r\n\r\n\t\t\r\n\t\t\t\t\t\t<a href=\"https:\/\/beta.eus\/es\/arlo-publikoaren-rol-berrien-inguruan-20240924\/\" target=\"_self\">\r\n\t\t\t\tArlo publikoaren rol berrien inguruan\t\t\t<\/a>\r\n\r\n\t\t\t\t<\/h3>\r\n\t\t\r\n\t\t<div class=\"uael-post__excerpt\">\r\n\t\t\t<p>XXI. mendearekin erakunde publikoek arlo berri bati ekin zioten, eta gero eta ohikoagoa bilakatu zitzaigun \u201cKudeaketa Publiko berriaren\u201d ideia. Ideia &#8230;<\/p>\n\t\t<\/div>\r\n\r\n\t\t\t\t\t<\/div>\r\n\t\t\t\r\n\t\t<\/div>\r\n\t\t\r\n\t<\/div>\r\n\r\n<\/div>\r\n\r\n<div class=\"uael-post-wrapper   albisteak noticias \">\r\n\t<div class=\"uael-post__bg-wrap\">\r\n\r\n\t\t\t\t\r\n\t\t<div class=\"uael-post__inner-wrap\">\r\n\r\n\t\t\r\n\t\t\t\r\n\t\t\t<div class=\"uael-post__content-wrap\">\r\n\t\t\t\t\t<h3 class=\"uael-post__title\">\r\n\r\n\t\t\r\n\t\t\t\t\t\t<a href=\"https:\/\/beta.eus\/es\/ebaluazioa-zertarako-20231211\/\" target=\"_self\">\r\n\t\t\t\tEbaluazioa zertarako\t\t\t<\/a>\r\n\r\n\t\t\t\t<\/h3>\r\n\t\t\r\n\t\t<div class=\"uael-post__excerpt\">\r\n\t\t\t<p>Programen ebaluazioaz ari garenean, kontuan hartu behar dugu, edozer esku-hartze egiten dugunean bezala, metodologia edota erreminta aukeratu baino lehen argi &#8230;<\/p>\n\t\t<\/div>\r\n\r\n\t\t\t\t\t<\/div>\r\n\t\t\t\r\n\t\t<\/div>\r\n\t\t\r\n\t<\/div>\r\n\r\n<\/div>\r\n\t\t\t\t<\/div>\r\n\t\t\t\t\t\t\r\n\t\t<\/div>\r\n\r\n\t\t\t\t\t\t<\/div>\r\n\t\t<div class=\"uael-post__footer\">\r\n\t\t\t\t\t<\/div>\r\n\t\t\t\t<\/div>\n\t\t\t\t<\/div>\n\t\t\t\t\t<\/div>\n\t\t<\/div>\n\t\t\t\t\t\t\t<\/div>\n\t\t<\/section>\n\t\t\t\t\t\t\t<\/div>\n\t\t","protected":false},"excerpt":{"rendered":"<p>Oportunidad &#8211; Experimentaci\u00f3n &#8211; Innovaci\u00f3n Acompa\u00f1ando procesos de cambio En BETA trabajamos sobre las oportunidades de cambio. Representamos los procesos de transformaci\u00f3n como procesos centrados en las personas, orientados al cambio, en el que se &hellip;<\/p>\n<p class=\"read-more\"> <a class=\"\" href=\"https:\/\/beta.eus\/es\/ebaluazioa-zertarako-20231211\/\"> <span class=\"screen-reader-text\">Ebaluazioa zertarako<\/span> Gehiago irakurri \u00bb<\/a><\/p>\n","protected":false},"author":1,"featured_media":0,"parent":0,"menu_order":0,"comment_status":"closed","ping_status":"closed","template":"","meta":{"site-sidebar-layout":"no-sidebar","site-content-layout":"page-builder","ast-global-header-display":"","ast-main-header-display":"","ast-hfb-above-header-display":"","ast-hfb-below-header-display":"","ast-hfb-mobile-header-display":"","site-post-title":"disabled","ast-breadcrumbs-content":"","ast-featured-img":"disabled","footer-sml-layout":"","theme-transparent-header-meta":"enabled","adv-header-id-meta":"","stick-header-meta":"","header-above-stick-meta":"","header-main-stick-meta":"","header-below-stick-meta":"","footnotes":""},"class_list":["post-836","page","type-page","status-publish","hentry"],"yoast_head":"<!-- This site is optimized with the Yoast SEO plugin v20.7 - https:\/\/yoast.com\/wordpress\/plugins\/seo\/ -->\n<title>Acompa\u00f1ando procesos de cambio y transformaci\u00f3n - Beta<\/title>\n<meta name=\"description\" content=\"Trabajamos sobre las oportunidades de cambio. Cooperaci\u00f3n, aprendizaje y experimentaci\u00f3n con la organizaci\u00f3n que promueve la transformaci\u00f3n.\" \/>\n<meta name=\"robots\" content=\"index, follow, max-snippet:-1, max-image-preview:large, max-video-preview:-1\" \/>\n<link rel=\"canonical\" href=\"https:\/\/beta.eus\/es\/\" \/>\n<meta property=\"og:locale\" content=\"es_ES\" \/>\n<meta property=\"og:type\" content=\"article\" \/>\n<meta property=\"og:title\" content=\"Acompa\u00f1ando procesos de cambio y transformaci\u00f3n - Beta\" \/>\n<meta property=\"og:description\" content=\"Trabajamos sobre las oportunidades de cambio. Cooperaci\u00f3n, aprendizaje y experimentaci\u00f3n con la organizaci\u00f3n que promueve la transformaci\u00f3n.\" \/>\n<meta property=\"og:url\" content=\"https:\/\/beta.eus\/es\/\" \/>\n<meta property=\"og:site_name\" content=\"Beta\" \/>\n<meta property=\"article:modified_time\" content=\"2023-07-13T09:54:33+00:00\" \/>\n<meta property=\"og:image\" content=\"https:\/\/beta.eus\/wp-content\/uploads\/2023\/04\/screenshot.png\" \/>\n\t<meta property=\"og:image:width\" content=\"1200\" \/>\n\t<meta property=\"og:image:height\" content=\"900\" \/>\n\t<meta property=\"og:image:type\" content=\"image\/png\" \/>\n<meta name=\"twitter:card\" content=\"summary_large_image\" \/>\n<meta name=\"twitter:image\" content=\"https:\/\/beta.eus\/wp-content\/uploads\/2023\/04\/screenshot.png\" \/>\n<meta name=\"twitter:label1\" content=\"Tiempo de lectura\" \/>\n\t<meta name=\"twitter:data1\" content=\"2 minutos\" \/>\n<script type=\"application\/ld+json\" class=\"yoast-schema-graph\">{\"@context\":\"https:\/\/schema.org\",\"@graph\":[{\"@type\":\"WebPage\",\"@id\":\"https:\/\/beta.eus\/es\/\",\"url\":\"https:\/\/beta.eus\/es\/\",\"name\":\"Acompa\u00f1ando procesos de cambio y transformaci\u00f3n - Beta\",\"isPartOf\":{\"@id\":\"https:\/\/beta.eus\/es\/#website\"},\"datePublished\":\"2023-05-04T11:09:48+00:00\",\"dateModified\":\"2023-07-13T09:54:33+00:00\",\"description\":\"Trabajamos sobre las oportunidades de cambio. Cooperaci\u00f3n, aprendizaje y experimentaci\u00f3n con la organizaci\u00f3n que promueve la transformaci\u00f3n.\",\"breadcrumb\":{\"@id\":\"https:\/\/beta.eus\/es\/#breadcrumb\"},\"inLanguage\":\"es\",\"potentialAction\":[{\"@type\":\"ReadAction\",\"target\":[\"https:\/\/beta.eus\/es\/\"]}]},{\"@type\":\"BreadcrumbList\",\"@id\":\"https:\/\/beta.eus\/es\/#breadcrumb\",\"itemListElement\":[{\"@type\":\"ListItem\",\"position\":1,\"name\":\"Home\",\"item\":\"https:\/\/beta.eus\/es\/\"},{\"@type\":\"ListItem\",\"position\":2,\"name\":\"Inicio\"}]},{\"@type\":\"WebSite\",\"@id\":\"https:\/\/beta.eus\/es\/#website\",\"url\":\"https:\/\/beta.eus\/es\/\",\"name\":\"Beta\",\"description\":\"\",\"publisher\":{\"@id\":\"https:\/\/beta.eus\/es\/#organization\"},\"potentialAction\":[{\"@type\":\"SearchAction\",\"target\":{\"@type\":\"EntryPoint\",\"urlTemplate\":\"https:\/\/beta.eus\/es\/?s={search_term_string}\"},\"query-input\":\"required name=search_term_string\"}],\"inLanguage\":\"es\"},{\"@type\":\"Organization\",\"@id\":\"https:\/\/beta.eus\/es\/#organization\",\"name\":\"Beta\",\"url\":\"https:\/\/beta.eus\/es\/\",\"logo\":{\"@type\":\"ImageObject\",\"inLanguage\":\"es\",\"@id\":\"https:\/\/beta.eus\/es\/#\/schema\/logo\/image\/\",\"url\":\"https:\/\/beta.eus\/wp-content\/uploads\/2023\/05\/beta-logoa-beltza-01.png\",\"contentUrl\":\"https:\/\/beta.eus\/wp-content\/uploads\/2023\/05\/beta-logoa-beltza-01.png\",\"width\":1062,\"height\":462,\"caption\":\"Beta\"},\"image\":{\"@id\":\"https:\/\/beta.eus\/es\/#\/schema\/logo\/image\/\"}}]}<\/script>\n<!-- \/ Yoast SEO plugin. -->","yoast_head_json":{"title":"Acompa\u00f1ando procesos de cambio y transformaci\u00f3n - Beta","description":"Trabajamos sobre las oportunidades de cambio. Cooperaci\u00f3n, aprendizaje y experimentaci\u00f3n con la organizaci\u00f3n que promueve la transformaci\u00f3n.","robots":{"index":"index","follow":"follow","max-snippet":"max-snippet:-1","max-image-preview":"max-image-preview:large","max-video-preview":"max-video-preview:-1"},"canonical":"https:\/\/beta.eus\/es\/","og_locale":"es_ES","og_type":"article","og_title":"Acompa\u00f1ando procesos de cambio y transformaci\u00f3n - Beta","og_description":"Trabajamos sobre las oportunidades de cambio. Cooperaci\u00f3n, aprendizaje y experimentaci\u00f3n con la organizaci\u00f3n que promueve la transformaci\u00f3n.","og_url":"https:\/\/beta.eus\/es\/","og_site_name":"Beta","article_modified_time":"2023-07-13T09:54:33+00:00","og_image":[{"width":1200,"height":900,"url":"https:\/\/beta.eus\/wp-content\/uploads\/2023\/04\/screenshot.png","type":"image\/png"}],"twitter_card":"summary_large_image","twitter_image":"https:\/\/beta.eus\/wp-content\/uploads\/2023\/04\/screenshot.png","twitter_misc":{"Tiempo de lectura":"2 minutos"},"schema":{"@context":"https:\/\/schema.org","@graph":[{"@type":"WebPage","@id":"https:\/\/beta.eus\/es\/","url":"https:\/\/beta.eus\/es\/","name":"Acompa\u00f1ando procesos de cambio y transformaci\u00f3n - Beta","isPartOf":{"@id":"https:\/\/beta.eus\/es\/#website"},"datePublished":"2023-05-04T11:09:48+00:00","dateModified":"2023-07-13T09:54:33+00:00","description":"Trabajamos sobre las oportunidades de cambio. Cooperaci\u00f3n, aprendizaje y experimentaci\u00f3n con la organizaci\u00f3n que promueve la transformaci\u00f3n.","breadcrumb":{"@id":"https:\/\/beta.eus\/es\/#breadcrumb"},"inLanguage":"es","potentialAction":[{"@type":"ReadAction","target":["https:\/\/beta.eus\/es\/"]}]},{"@type":"BreadcrumbList","@id":"https:\/\/beta.eus\/es\/#breadcrumb","itemListElement":[{"@type":"ListItem","position":1,"name":"Home","item":"https:\/\/beta.eus\/es\/"},{"@type":"ListItem","position":2,"name":"Inicio"}]},{"@type":"WebSite","@id":"https:\/\/beta.eus\/es\/#website","url":"https:\/\/beta.eus\/es\/","name":"Beta","description":"","publisher":{"@id":"https:\/\/beta.eus\/es\/#organization"},"potentialAction":[{"@type":"SearchAction","target":{"@type":"EntryPoint","urlTemplate":"https:\/\/beta.eus\/es\/?s={search_term_string}"},"query-input":"required name=search_term_string"}],"inLanguage":"es"},{"@type":"Organization","@id":"https:\/\/beta.eus\/es\/#organization","name":"Beta","url":"https:\/\/beta.eus\/es\/","logo":{"@type":"ImageObject","inLanguage":"es","@id":"https:\/\/beta.eus\/es\/#\/schema\/logo\/image\/","url":"https:\/\/beta.eus\/wp-content\/uploads\/2023\/05\/beta-logoa-beltza-01.png","contentUrl":"https:\/\/beta.eus\/wp-content\/uploads\/2023\/05\/beta-logoa-beltza-01.png","width":1062,"height":462,"caption":"Beta"},"image":{"@id":"https:\/\/beta.eus\/es\/#\/schema\/logo\/image\/"}}]}},"_links":{"self":[{"href":"https:\/\/beta.eus\/es\/wp-json\/wp\/v2\/pages\/836","targetHints":{"allow":["GET"]}}],"collection":[{"href":"https:\/\/beta.eus\/es\/wp-json\/wp\/v2\/pages"}],"about":[{"href":"https:\/\/beta.eus\/es\/wp-json\/wp\/v2\/types\/page"}],"author":[{"embeddable":true,"href":"https:\/\/beta.eus\/es\/wp-json\/wp\/v2\/users\/1"}],"replies":[{"embeddable":true,"href":"https:\/\/beta.eus\/es\/wp-json\/wp\/v2\/comments?post=836"}],"version-history":[{"count":24,"href":"https:\/\/beta.eus\/es\/wp-json\/wp\/v2\/pages\/836\/revisions"}],"predecessor-version":[{"id":1045,"href":"https:\/\/beta.eus\/es\/wp-json\/wp\/v2\/pages\/836\/revisions\/1045"}],"wp:attachment":[{"href":"https:\/\/beta.eus\/es\/wp-json\/wp\/v2\/media?parent=836"}],"curies":[{"name":"wp","href":"https:\/\/api.w.org\/{rel}","templated":true}]}}