{"id":846,"date":"2023-05-09T13:28:20","date_gmt":"2023-05-09T11:28:20","guid":{"rendered":"https:\/\/beta.eus\/nor\/"},"modified":"2025-09-08T12:03:56","modified_gmt":"2025-09-08T10:03:56","slug":"quien-es-beta","status":"publish","type":"page","link":"https:\/\/beta.eus\/es\/quien-es-beta\/","title":{"rendered":"Qui\u00e9n"},"content":{"rendered":"\t\t<div data-elementor-type=\"wp-page\" data-elementor-id=\"846\" class=\"elementor elementor-846 elementor-195\">\n\t\t\t\t\t\t\t\t\t<section class=\"elementor-section elementor-top-section elementor-element elementor-element-83ad0b4 elementor-section-boxed elementor-section-height-default elementor-section-height-default\" data-id=\"83ad0b4\" data-element_type=\"section\" data-settings=\"{&quot;background_background&quot;:&quot;classic&quot;}\">\n\t\t\t\t\t\t<div class=\"elementor-container elementor-column-gap-wider\">\n\t\t\t\t\t<div class=\"elementor-column elementor-col-50 elementor-top-column elementor-element elementor-element-55b08ff\" data-id=\"55b08ff\" data-element_type=\"column\">\n\t\t\t<div class=\"elementor-widget-wrap elementor-element-populated\">\n\t\t\t\t\t\t\t\t<div class=\"elementor-element elementor-element-89a77d2 elementor-widget elementor-widget-heading\" data-id=\"89a77d2\" data-element_type=\"widget\" data-widget_type=\"heading.default\">\n\t\t\t\t<div class=\"elementor-widget-container\">\n\t\t\t<style>\/*! elementor - v3.12.2 - 23-04-2023 *\/\n.elementor-heading-title{padding:0;margin:0;line-height:1}.elementor-widget-heading .elementor-heading-title[class*=elementor-size-]>a{color:inherit;font-size:inherit;line-height:inherit}.elementor-widget-heading .elementor-heading-title.elementor-size-small{font-size:15px}.elementor-widget-heading .elementor-heading-title.elementor-size-medium{font-size:19px}.elementor-widget-heading .elementor-heading-title.elementor-size-large{font-size:29px}.elementor-widget-heading .elementor-heading-title.elementor-size-xl{font-size:39px}.elementor-widget-heading .elementor-heading-title.elementor-size-xxl{font-size:59px}<\/style><h1 class=\"elementor-heading-title elementor-size-default\">\u00bfQui\u00e9n es Beta?<\/h1>\t\t<\/div>\n\t\t\t\t<\/div>\n\t\t\t\t<div class=\"elementor-element elementor-element-3843632 elementor-widget elementor-widget-heading\" data-id=\"3843632\" data-element_type=\"widget\" data-widget_type=\"heading.default\">\n\t\t\t\t<div class=\"elementor-widget-container\">\n\t\t\t<h3 class=\"elementor-heading-title elementor-size-default\">Beta soy yo, Leire Cancio Orueta <\/h3>\t\t<\/div>\n\t\t\t\t<\/div>\n\t\t\t\t<div class=\"elementor-element elementor-element-c5b44af elementor-widget elementor-widget-text-editor\" data-id=\"c5b44af\" data-element_type=\"widget\" data-widget_type=\"text-editor.default\">\n\t\t\t\t<div class=\"elementor-widget-container\">\n\t\t\t<style>\/*! elementor - v3.12.2 - 23-04-2023 *\/\n.elementor-widget-text-editor.elementor-drop-cap-view-stacked .elementor-drop-cap{background-color:#69727d;color:#fff}.elementor-widget-text-editor.elementor-drop-cap-view-framed .elementor-drop-cap{color:#69727d;border:3px solid;background-color:transparent}.elementor-widget-text-editor:not(.elementor-drop-cap-view-default) .elementor-drop-cap{margin-top:8px}.elementor-widget-text-editor:not(.elementor-drop-cap-view-default) .elementor-drop-cap-letter{width:1em;height:1em}.elementor-widget-text-editor .elementor-drop-cap{float:left;text-align:center;line-height:1;font-size:50px}.elementor-widget-text-editor .elementor-drop-cap-letter{display:inline-block}<\/style>\t\t\t\t<p>Licenciada en Econom\u00eda y Psicolog\u00eda, Desarrollo mi labor dentro de la Innovaci\u00f3n Social, despu\u00e9s&nbsp;de una larga experiencia en gesti\u00f3n y personas en el \u00e1mbito de la cultura cient\u00edfica&nbsp; y de la normalizaci\u00f3n ling\u00fc\u00edstica.<\/p>\n<p>Aunque los \u00e1mbitos en principio parezcan diferentes, me parecen parecidos: a lo largo de todo este camino he trabajado intentando transformar la realidad, en colaboraci\u00f3n (sospecho que no hay ninguna otra manera).<\/p>\n<p>&nbsp;M\u00e1ster en Econom\u00eda Social y Solidaria (EHU). Trabajo Fin de Master:&nbsp;&nbsp;<a href=\"https:\/\/ojs.ehu.eus\/index.php\/gezki\/article\/view\/26296\" target=\"_blank\" rel=\"noopener\">Innovaci\u00f3n Socialy Econom\u00eda Social&nbsp; frente a frente.<\/a><\/p><p><a href=\"http:\/\/www.linkedin.com\/in\/leire-cancio-orueta\" target=\"_blank\" rel=\"noopener\">Linkedin<\/a><\/p>\t\t\t\t\t\t<\/div>\n\t\t\t\t<\/div>\n\t\t\t\t\t<\/div>\n\t\t<\/div>\n\t\t\t\t<div class=\"elementor-column elementor-col-50 elementor-top-column elementor-element elementor-element-1b53ec6\" data-id=\"1b53ec6\" data-element_type=\"column\">\n\t\t\t<div class=\"elementor-widget-wrap elementor-element-populated\">\n\t\t\t\t\t\t\t\t<div class=\"elementor-element elementor-element-fa65727 elementor-widget elementor-widget-image\" data-id=\"fa65727\" data-element_type=\"widget\" data-widget_type=\"image.default\">\n\t\t\t\t<div class=\"elementor-widget-container\">\n\t\t\t<style>\/*! elementor - v3.12.2 - 23-04-2023 *\/\n.elementor-widget-image{text-align:center}.elementor-widget-image a{display:inline-block}.elementor-widget-image a img[src$=\".svg\"]{width:48px}.elementor-widget-image img{vertical-align:middle;display:inline-block}<\/style>\t\t\t\t\t\t\t\t\t\t\t\t<img decoding=\"async\" width=\"1007\" height=\"800\" src=\"https:\/\/beta.eus\/wp-content\/uploads\/2023\/11\/Leire2-1007x800.jpg\" class=\"attachment-large size-large wp-image-1142\" alt=\"\" srcset=\"https:\/\/beta.eus\/wp-content\/uploads\/2023\/11\/Leire2-1007x800.jpg 1007w, https:\/\/beta.eus\/wp-content\/uploads\/2023\/11\/Leire2-800x636.jpg 800w, https:\/\/beta.eus\/wp-content\/uploads\/2023\/11\/Leire2-768x610.jpg 768w, https:\/\/beta.eus\/wp-content\/uploads\/2023\/11\/Leire2-1536x1221.jpg 1536w, https:\/\/beta.eus\/wp-content\/uploads\/2023\/11\/Leire2-2048x1628.jpg 2048w\" sizes=\"(max-width: 1007px) 100vw, 1007px\" \/>\t\t\t\t\t\t\t\t\t\t\t\t\t\t\t<\/div>\n\t\t\t\t<\/div>\n\t\t\t\t\t<\/div>\n\t\t<\/div>\n\t\t\t\t\t\t\t<\/div>\n\t\t<\/section>\n\t\t\t\t<section class=\"elementor-section elementor-top-section elementor-element elementor-element-63a5cda elementor-section-boxed elementor-section-height-default elementor-section-height-default\" data-id=\"63a5cda\" data-element_type=\"section\" data-settings=\"{&quot;background_background&quot;:&quot;classic&quot;}\">\n\t\t\t\t\t\t<div class=\"elementor-container elementor-column-gap-default\">\n\t\t\t\t\t<div class=\"elementor-column elementor-col-100 elementor-top-column elementor-element elementor-element-ba38418\" data-id=\"ba38418\" data-element_type=\"column\">\n\t\t\t<div class=\"elementor-widget-wrap elementor-element-populated\">\n\t\t\t\t\t\t\t\t<div class=\"elementor-element elementor-element-b8a9cb7 elementor-widget elementor-widget-heading\" data-id=\"b8a9cb7\" data-element_type=\"widget\" data-widget_type=\"heading.default\">\n\t\t\t\t<div class=\"elementor-widget-container\">\n\t\t\t<h3 class=\"elementor-heading-title elementor-size-default\">Colaboro con otras instituciones y agentes:<\/h3>\t\t<\/div>\n\t\t\t\t<\/div>\n\t\t\t\t<div class=\"elementor-element elementor-element-cd49589 elementor-widget elementor-widget-ucaddon_logo_grid\" data-id=\"cd49589\" data-element_type=\"widget\" data-widget_type=\"ucaddon_logo_grid.default\">\n\t\t\t\t<div class=\"elementor-widget-container\">\n\t\t\t<!-- start Logo Grid -->\n\t\t\t<style type=\"text\/css\">\/* widget: Logo Grid *\/\n\n#uc_logo_grid_elementor_cd49589 {\n  display: grid;\n}\n#uc_logo_grid_elementor_cd49589 .ue-logo-title\n{\n  width:100%;\n  position:absolute;\n  bottom:0;\n  text-align:center;\n  left:0;\n}\n\n#uc_logo_grid_elementor_cd49589 div.logo-grid-item\n{\ntext-align:center;\ndisplay:flex;\nflex-direction:column;\njustify-content:center;\nalign-items:center;\noverflow:hidden;\n  position:relative;\n  transition:0.3s;\n\n}\n\n#uc_logo_grid_elementor_cd49589 div.logo-grid-item img\n{\nwidth:100%;\n  object-fit: contain;\n  display:block;\n  mix-blend-mode: normal;\n  position:absolute;\n  top:0;\n  left:0;\n  right:0;\n  bottom:0;\n  height:100%;\n  transition:0.3s;\n}\n\n\n\n#uc_logo_grid_elementor_cd49589 a\n{\n  display:block;\n  position:absolute;\n  top:0;\n  left:0;\n  right:0;\n  bottom:0;\n  cursor:pointer;\n  display:flex;\njustify-content:center;\nalign-items:center;\n}\n\n<\/style>\n\n\t\t\t<div id=\"uc_logo_grid_elementor_cd49589\" class=\"ue-logo-grid uc-items-wrapper \" >\n\t<div class=\"logo-grid-item \" >\n   \n\t<a href=\"https:\/\/arantzazulab.eus\"  target='_blank'> \n\t\n  \n    <img decoding=\"async\" src=\"https:\/\/beta.eus\/wp-content\/uploads\/2023\/05\/Arantzazulab-RGB-positibo-bertikala-1000x709-1-768x545.png\" title=\"ArantzazuLab\"  src=\"https:\/\/beta.eus\/wp-content\/uploads\/2023\/05\/Arantzazulab-RGB-positibo-bertikala-1000x709-1-768x545.png\" alt=\"Arantzazulab-RGB-positibo-bertikala-1000x709\" width=\"768\" height=\"545\">\n      \t\n      \n  <\/a>\n  \t\n<\/div>\n<div class=\"logo-grid-item \" >\n   \n\t<a href=\"https:\/\/julenmendoza.eus\"  target='_blank'> \n\t\n  \n    <img decoding=\"async\" src=\"https:\/\/beta.eus\/wp-content\/uploads\/2023\/06\/faldon_jm.png\" title=\"Julen Mendoza\"  src=\"https:\/\/beta.eus\/wp-content\/uploads\/2023\/06\/faldon_jm.png\" alt=\"faldon_jm\" width=\"163\" height=\"129\">\n      \t\n      \n  <\/a>\n  \t\n<\/div>\n<div class=\"logo-grid-item \" >\n   \n\t<a href=\"https:\/\/www.debagoiena2030.eus\"  target='_blank'> \n\t\n  \n    <img decoding=\"async\" src=\"https:\/\/beta.eus\/wp-content\/uploads\/2023\/06\/debagoiena-768x374.png\" title=\"Bedagoiena\"  src=\"https:\/\/beta.eus\/wp-content\/uploads\/2023\/06\/debagoiena-768x374.png\" alt=\"debagoiena\" width=\"768\" height=\"374\">\n      \t\n      \n  <\/a>\n  \t\n<\/div>\n<div class=\"logo-grid-item \" >\n   \n\t<a href=\"https:\/\/www.agirrecenter.eus\"  target='_blank'> \n\t\n  \n    <img decoding=\"async\" src=\"https:\/\/beta.eus\/wp-content\/uploads\/2023\/06\/agirre-lehendakaria-logo.png\" title=\"agirre\"  src=\"https:\/\/beta.eus\/wp-content\/uploads\/2023\/06\/agirre-lehendakaria-logo.png\" alt=\"agirre-lehendakaria-logo\" width=\"400\" height=\"104\">\n      \t\n      \n  <\/a>\n  \t\n<\/div>\n<div class=\"logo-grid-item \" >\n   \n\t<a href=\"https:\/\/www.aztiker.eus\"  target='_blank'> \n\t\n  \n    <img decoding=\"async\" src=\"https:\/\/beta.eus\/wp-content\/uploads\/2023\/06\/aztiker-logo.png\" title=\"aztiker\"  src=\"https:\/\/beta.eus\/wp-content\/uploads\/2023\/06\/aztiker-logo.png\" alt=\"aztiker-logo\" width=\"406\" height=\"360\">\n      \t\n      \n  <\/a>\n  \t\n<\/div>\n<div class=\"logo-grid-item \" >\n   \n\t<a href=\"https:\/\/www.mindshake.pt\/en\/\"  target='_blank'> \n\t\n  \n    <img decoding=\"async\" src=\"https:\/\/beta.eus\/wp-content\/uploads\/2023\/05\/mindshake-logo-fim.png\" title=\"Mindshake\"  src=\"https:\/\/beta.eus\/wp-content\/uploads\/2023\/05\/mindshake-logo-fim.png\" alt=\"mindshake-logo-fim\" width=\"238\" height=\"250\">\n      \t\n      \n  <\/a>\n  \t\n<\/div>\n<div class=\"logo-grid-item \" >\n  \t\n  \n    <img decoding=\"async\" src=\"https:\/\/beta.eus\/wp-content\/uploads\/2023\/06\/ideantes-logo.png\" title=\"Ideantes\"  src=\"https:\/\/beta.eus\/wp-content\/uploads\/2023\/06\/ideantes-logo.png\" alt=\"ideantes-logo\" width=\"450\" height=\"93\">\n      \t\n   \t\n<\/div>\n\n<\/div>\n\t\t\t<!-- end Logo Grid -->\t\t<\/div>\n\t\t\t\t<\/div>\n\t\t\t\t\t<\/div>\n\t\t<\/div>\n\t\t\t\t\t\t\t<\/div>\n\t\t<\/section>\n\t\t\t\t\t\t\t<\/div>\n\t\t","protected":false},"excerpt":{"rendered":"<p>\u00bfQui\u00e9n es Beta? Beta soy yo, Leire Cancio Orueta Licenciada en Econom\u00eda y Psicolog\u00eda, Desarrollo mi labor dentro de la Innovaci\u00f3n Social, despu\u00e9s&nbsp;de una larga experiencia en gesti\u00f3n y personas en el \u00e1mbito de la &hellip;<\/p>\n<p class=\"read-more\"> <a class=\"\" href=\"https:\/\/beta.eus\/es\/quien-es-beta\/\"> <span class=\"screen-reader-text\">Qui\u00e9n<\/span> Gehiago irakurri \u00bb<\/a><\/p>\n","protected":false},"author":1,"featured_media":0,"parent":0,"menu_order":0,"comment_status":"closed","ping_status":"closed","template":"","meta":{"site-sidebar-layout":"no-sidebar","site-content-layout":"page-builder","ast-global-header-display":"","ast-main-header-display":"","ast-hfb-above-header-display":"","ast-hfb-below-header-display":"","ast-hfb-mobile-header-display":"","site-post-title":"disabled","ast-breadcrumbs-content":"","ast-featured-img":"disabled","footer-sml-layout":"","theme-transparent-header-meta":"","adv-header-id-meta":"","stick-header-meta":"","header-above-stick-meta":"","header-main-stick-meta":"","header-below-stick-meta":"","footnotes":""},"class_list":["post-846","page","type-page","status-publish","hentry"],"yoast_head":"<!-- This site is optimized with the Yoast SEO plugin v20.7 - https:\/\/yoast.com\/wordpress\/plugins\/seo\/ -->\n<title>Qui\u00e9n - Beta<\/title>\n<meta name=\"description\" content=\"Tras una larga experiencia en gesti\u00f3n y personas en el \u00e1mbito cultural y de la normalizaci\u00f3n ling\u00fc\u00edstica, actualmente me dedico a la innovaci\u00f3n social.\" \/>\n<meta name=\"robots\" content=\"index, follow, max-snippet:-1, max-image-preview:large, max-video-preview:-1\" \/>\n<link rel=\"canonical\" href=\"https:\/\/beta.eus\/es\/quien-es-beta\/\" \/>\n<meta property=\"og:locale\" content=\"es_ES\" \/>\n<meta property=\"og:type\" content=\"article\" \/>\n<meta property=\"og:title\" content=\"Qui\u00e9n - Beta\" \/>\n<meta property=\"og:description\" content=\"Tras una larga experiencia en gesti\u00f3n y personas en el \u00e1mbito cultural y de la normalizaci\u00f3n ling\u00fc\u00edstica, actualmente me dedico a la innovaci\u00f3n social.\" \/>\n<meta property=\"og:url\" content=\"https:\/\/beta.eus\/es\/quien-es-beta\/\" \/>\n<meta property=\"og:site_name\" content=\"Beta\" \/>\n<meta property=\"article:modified_time\" content=\"2025-09-08T10:03:56+00:00\" \/>\n<meta property=\"og:image\" content=\"https:\/\/beta.eus\/wp-content\/uploads\/2023\/06\/leire-cancio-orueta-naiz-scaled.jpg\" \/>\n\t<meta property=\"og:image:width\" content=\"2560\" \/>\n\t<meta property=\"og:image:height\" content=\"1796\" \/>\n\t<meta property=\"og:image:type\" content=\"image\/jpeg\" \/>\n<meta name=\"twitter:card\" content=\"summary_large_image\" \/>\n<meta name=\"twitter:image\" content=\"https:\/\/beta.eus\/wp-content\/uploads\/2023\/06\/leire-cancio-orueta-naiz-scaled.jpg\" \/>\n<meta name=\"twitter:label1\" content=\"Tiempo de lectura\" \/>\n\t<meta name=\"twitter:data1\" content=\"3 minutos\" \/>\n<script type=\"application\/ld+json\" class=\"yoast-schema-graph\">{\"@context\":\"https:\/\/schema.org\",\"@graph\":[{\"@type\":\"WebPage\",\"@id\":\"https:\/\/beta.eus\/es\/quien-es-beta\/\",\"url\":\"https:\/\/beta.eus\/es\/quien-es-beta\/\",\"name\":\"Qui\u00e9n - Beta\",\"isPartOf\":{\"@id\":\"https:\/\/beta.eus\/es\/#website\"},\"datePublished\":\"2023-05-09T11:28:20+00:00\",\"dateModified\":\"2025-09-08T10:03:56+00:00\",\"description\":\"Tras una larga experiencia en gesti\u00f3n y personas en el \u00e1mbito cultural y de la normalizaci\u00f3n ling\u00fc\u00edstica, actualmente me dedico a la innovaci\u00f3n social.\",\"breadcrumb\":{\"@id\":\"https:\/\/beta.eus\/es\/quien-es-beta\/#breadcrumb\"},\"inLanguage\":\"es\",\"potentialAction\":[{\"@type\":\"ReadAction\",\"target\":[\"https:\/\/beta.eus\/es\/quien-es-beta\/\"]}]},{\"@type\":\"BreadcrumbList\",\"@id\":\"https:\/\/beta.eus\/es\/quien-es-beta\/#breadcrumb\",\"itemListElement\":[{\"@type\":\"ListItem\",\"position\":1,\"name\":\"Home\",\"item\":\"https:\/\/beta.eus\/es\/\"},{\"@type\":\"ListItem\",\"position\":2,\"name\":\"Qui\u00e9n\"}]},{\"@type\":\"WebSite\",\"@id\":\"https:\/\/beta.eus\/es\/#website\",\"url\":\"https:\/\/beta.eus\/es\/\",\"name\":\"Beta\",\"description\":\"\",\"publisher\":{\"@id\":\"https:\/\/beta.eus\/es\/#organization\"},\"potentialAction\":[{\"@type\":\"SearchAction\",\"target\":{\"@type\":\"EntryPoint\",\"urlTemplate\":\"https:\/\/beta.eus\/es\/?s={search_term_string}\"},\"query-input\":\"required name=search_term_string\"}],\"inLanguage\":\"es\"},{\"@type\":\"Organization\",\"@id\":\"https:\/\/beta.eus\/es\/#organization\",\"name\":\"Beta\",\"url\":\"https:\/\/beta.eus\/es\/\",\"logo\":{\"@type\":\"ImageObject\",\"inLanguage\":\"es\",\"@id\":\"https:\/\/beta.eus\/es\/#\/schema\/logo\/image\/\",\"url\":\"https:\/\/beta.eus\/wp-content\/uploads\/2023\/05\/beta-logoa-beltza-01.png\",\"contentUrl\":\"https:\/\/beta.eus\/wp-content\/uploads\/2023\/05\/beta-logoa-beltza-01.png\",\"width\":1062,\"height\":462,\"caption\":\"Beta\"},\"image\":{\"@id\":\"https:\/\/beta.eus\/es\/#\/schema\/logo\/image\/\"}}]}<\/script>\n<!-- \/ Yoast SEO plugin. -->","yoast_head_json":{"title":"Qui\u00e9n - Beta","description":"Tras una larga experiencia en gesti\u00f3n y personas en el \u00e1mbito cultural y de la normalizaci\u00f3n ling\u00fc\u00edstica, actualmente me dedico a la innovaci\u00f3n social.","robots":{"index":"index","follow":"follow","max-snippet":"max-snippet:-1","max-image-preview":"max-image-preview:large","max-video-preview":"max-video-preview:-1"},"canonical":"https:\/\/beta.eus\/es\/quien-es-beta\/","og_locale":"es_ES","og_type":"article","og_title":"Qui\u00e9n - Beta","og_description":"Tras una larga experiencia en gesti\u00f3n y personas en el \u00e1mbito cultural y de la normalizaci\u00f3n ling\u00fc\u00edstica, actualmente me dedico a la innovaci\u00f3n social.","og_url":"https:\/\/beta.eus\/es\/quien-es-beta\/","og_site_name":"Beta","article_modified_time":"2025-09-08T10:03:56+00:00","og_image":[{"width":2560,"height":1796,"url":"https:\/\/beta.eus\/wp-content\/uploads\/2023\/06\/leire-cancio-orueta-naiz-scaled.jpg","type":"image\/jpeg"}],"twitter_card":"summary_large_image","twitter_image":"https:\/\/beta.eus\/wp-content\/uploads\/2023\/06\/leire-cancio-orueta-naiz-scaled.jpg","twitter_misc":{"Tiempo de lectura":"3 minutos"},"schema":{"@context":"https:\/\/schema.org","@graph":[{"@type":"WebPage","@id":"https:\/\/beta.eus\/es\/quien-es-beta\/","url":"https:\/\/beta.eus\/es\/quien-es-beta\/","name":"Qui\u00e9n - Beta","isPartOf":{"@id":"https:\/\/beta.eus\/es\/#website"},"datePublished":"2023-05-09T11:28:20+00:00","dateModified":"2025-09-08T10:03:56+00:00","description":"Tras una larga experiencia en gesti\u00f3n y personas en el \u00e1mbito cultural y de la normalizaci\u00f3n ling\u00fc\u00edstica, actualmente me dedico a la innovaci\u00f3n social.","breadcrumb":{"@id":"https:\/\/beta.eus\/es\/quien-es-beta\/#breadcrumb"},"inLanguage":"es","potentialAction":[{"@type":"ReadAction","target":["https:\/\/beta.eus\/es\/quien-es-beta\/"]}]},{"@type":"BreadcrumbList","@id":"https:\/\/beta.eus\/es\/quien-es-beta\/#breadcrumb","itemListElement":[{"@type":"ListItem","position":1,"name":"Home","item":"https:\/\/beta.eus\/es\/"},{"@type":"ListItem","position":2,"name":"Qui\u00e9n"}]},{"@type":"WebSite","@id":"https:\/\/beta.eus\/es\/#website","url":"https:\/\/beta.eus\/es\/","name":"Beta","description":"","publisher":{"@id":"https:\/\/beta.eus\/es\/#organization"},"potentialAction":[{"@type":"SearchAction","target":{"@type":"EntryPoint","urlTemplate":"https:\/\/beta.eus\/es\/?s={search_term_string}"},"query-input":"required name=search_term_string"}],"inLanguage":"es"},{"@type":"Organization","@id":"https:\/\/beta.eus\/es\/#organization","name":"Beta","url":"https:\/\/beta.eus\/es\/","logo":{"@type":"ImageObject","inLanguage":"es","@id":"https:\/\/beta.eus\/es\/#\/schema\/logo\/image\/","url":"https:\/\/beta.eus\/wp-content\/uploads\/2023\/05\/beta-logoa-beltza-01.png","contentUrl":"https:\/\/beta.eus\/wp-content\/uploads\/2023\/05\/beta-logoa-beltza-01.png","width":1062,"height":462,"caption":"Beta"},"image":{"@id":"https:\/\/beta.eus\/es\/#\/schema\/logo\/image\/"}}]}},"_links":{"self":[{"href":"https:\/\/beta.eus\/es\/wp-json\/wp\/v2\/pages\/846","targetHints":{"allow":["GET"]}}],"collection":[{"href":"https:\/\/beta.eus\/es\/wp-json\/wp\/v2\/pages"}],"about":[{"href":"https:\/\/beta.eus\/es\/wp-json\/wp\/v2\/types\/page"}],"author":[{"embeddable":true,"href":"https:\/\/beta.eus\/es\/wp-json\/wp\/v2\/users\/1"}],"replies":[{"embeddable":true,"href":"https:\/\/beta.eus\/es\/wp-json\/wp\/v2\/comments?post=846"}],"version-history":[{"count":17,"href":"https:\/\/beta.eus\/es\/wp-json\/wp\/v2\/pages\/846\/revisions"}],"predecessor-version":[{"id":1256,"href":"https:\/\/beta.eus\/es\/wp-json\/wp\/v2\/pages\/846\/revisions\/1256"}],"wp:attachment":[{"href":"https:\/\/beta.eus\/es\/wp-json\/wp\/v2\/media?parent=846"}],"curies":[{"name":"wp","href":"https:\/\/api.w.org\/{rel}","templated":true}]}}